{"id":34,"date":"2019-04-25T10:02:31","date_gmt":"2019-04-25T08:02:31","guid":{"rendered":"http:\/\/hirondelles-auruou.fr\/?page_id=34"},"modified":"2019-05-14T11:00:06","modified_gmt":"2019-05-14T09:00:06","slug":"qui-sommes-nous","status":"publish","type":"page","link":"https:\/\/hirondelles-auruou.fr\/?page_id=34","title":{"rendered":"Qui sommes nous"},"content":{"rendered":"\t\t<div data-elementor-type=\"wp-post\" data-elementor-id=\"34\" class=\"elementor elementor-34\">\n\t\t\t\t\t\t<section class=\"has_eae_slider elementor-section elementor-top-section elementor-element elementor-element-b3d6c79 elementor-section-boxed elementor-section-height-default elementor-section-height-default\" data-eae-slider=\"9343\" data-id=\"b3d6c79\" data-element_type=\"section\" data-e-type=\"section\">\n\t\t\t\t\t\t<div class=\"elementor-container elementor-column-gap-default\">\n\t\t\t\t\t<div class=\"has_eae_slider elementor-column elementor-col-33 elementor-top-column elementor-element elementor-element-5b98e32\" data-eae-slider=\"97609\" data-id=\"5b98e32\" data-element_type=\"column\" data-e-type=\"column\">\n\t\t\t<div class=\"elementor-widget-wrap elementor-element-populated\">\n\t\t\t\t\t\t<div class=\"elementor-element elementor-element-63ef459 elementor-widget elementor-widget-image-carousel\" data-id=\"63ef459\" data-element_type=\"widget\" data-e-type=\"widget\" data-settings=\"{&quot;slides_to_show&quot;:&quot;1&quot;,&quot;navigation&quot;:&quot;none&quot;,&quot;pause_on_hover&quot;:&quot;no&quot;,&quot;autoplay_speed&quot;:6000,&quot;effect&quot;:&quot;fade&quot;,&quot;autoplay&quot;:&quot;yes&quot;,&quot;pause_on_interaction&quot;:&quot;yes&quot;,&quot;infinite&quot;:&quot;yes&quot;,&quot;speed&quot;:500}\" data-widget_type=\"image-carousel.default\">\n\t\t\t\t<div class=\"elementor-widget-container\">\n\t\t\t\t\t\t\t<div class=\"elementor-image-carousel-wrapper swiper\" role=\"region\" aria-roledescription=\"carousel\" aria-label=\"Carrousel d\u2019images\" dir=\"ltr\">\n\t\t\t<div class=\"elementor-image-carousel swiper-wrapper\" aria-live=\"off\">\n\t\t\t\t\t\t\t\t<div class=\"swiper-slide\" role=\"group\" aria-roledescription=\"slide\" aria-label=\"1 sur 5\"><figure class=\"swiper-slide-inner\"><img decoding=\"async\" class=\"swiper-slide-image lazyload\" data-src=\"https:\/\/hirondelles-auruou.fr\/wp-content\/uploads\/2019\/05\/5.jpg\" alt=\"5\" src=\"data:image\/svg+xml;base64,PHN2ZyB3aWR0aD0iMSIgaGVpZ2h0PSIxIiB4bWxucz0iaHR0cDovL3d3dy53My5vcmcvMjAwMC9zdmciPjwvc3ZnPg==\" style=\"--smush-placeholder-width: 800px; --smush-placeholder-aspect-ratio: 800\/600;\" \/><\/figure><\/div><div class=\"swiper-slide\" role=\"group\" aria-roledescription=\"slide\" aria-label=\"2 sur 5\"><figure class=\"swiper-slide-inner\"><img decoding=\"async\" class=\"swiper-slide-image lazyload\" data-src=\"https:\/\/hirondelles-auruou.fr\/wp-content\/uploads\/2019\/05\/4.jpg\" alt=\"4\" src=\"data:image\/svg+xml;base64,PHN2ZyB3aWR0aD0iMSIgaGVpZ2h0PSIxIiB4bWxucz0iaHR0cDovL3d3dy53My5vcmcvMjAwMC9zdmciPjwvc3ZnPg==\" style=\"--smush-placeholder-width: 800px; --smush-placeholder-aspect-ratio: 800\/600;\" \/><\/figure><\/div><div class=\"swiper-slide\" role=\"group\" aria-roledescription=\"slide\" aria-label=\"3 sur 5\"><figure class=\"swiper-slide-inner\"><img decoding=\"async\" class=\"swiper-slide-image lazyload\" data-src=\"https:\/\/hirondelles-auruou.fr\/wp-content\/uploads\/2019\/05\/3.jpg\" alt=\"3\" src=\"data:image\/svg+xml;base64,PHN2ZyB3aWR0aD0iMSIgaGVpZ2h0PSIxIiB4bWxucz0iaHR0cDovL3d3dy53My5vcmcvMjAwMC9zdmciPjwvc3ZnPg==\" style=\"--smush-placeholder-width: 800px; --smush-placeholder-aspect-ratio: 800\/600;\" \/><\/figure><\/div><div class=\"swiper-slide\" role=\"group\" aria-roledescription=\"slide\" aria-label=\"4 sur 5\"><figure class=\"swiper-slide-inner\"><img decoding=\"async\" class=\"swiper-slide-image lazyload\" data-src=\"https:\/\/hirondelles-auruou.fr\/wp-content\/uploads\/2019\/05\/2.jpg\" alt=\"2\" src=\"data:image\/svg+xml;base64,PHN2ZyB3aWR0aD0iMSIgaGVpZ2h0PSIxIiB4bWxucz0iaHR0cDovL3d3dy53My5vcmcvMjAwMC9zdmciPjwvc3ZnPg==\" style=\"--smush-placeholder-width: 800px; --smush-placeholder-aspect-ratio: 800\/600;\" \/><\/figure><\/div><div class=\"swiper-slide\" role=\"group\" aria-roledescription=\"slide\" aria-label=\"5 sur 5\"><figure class=\"swiper-slide-inner\"><img decoding=\"async\" class=\"swiper-slide-image lazyload\" data-src=\"https:\/\/hirondelles-auruou.fr\/wp-content\/uploads\/2019\/05\/1.jpg\" alt=\"1\" src=\"data:image\/svg+xml;base64,PHN2ZyB3aWR0aD0iMSIgaGVpZ2h0PSIxIiB4bWxucz0iaHR0cDovL3d3dy53My5vcmcvMjAwMC9zdmciPjwvc3ZnPg==\" style=\"--smush-placeholder-width: 800px; --smush-placeholder-aspect-ratio: 800\/600;\" \/><\/figure><\/div>\t\t\t<\/div>\n\t\t\t\t\t\t\t\n\t\t\t\t\t\t\t\t\t<\/div>\n\t\t\t\t\t\t<\/div>\n\t\t\t\t<\/div>\n\t\t\t\t<div class=\"elementor-element elementor-element-8c347b3 elementor-widget elementor-widget-text-editor\" data-id=\"8c347b3\" data-element_type=\"widget\" data-e-type=\"widget\" data-widget_type=\"text-editor.default\">\n\t\t\t\t<div class=\"elementor-widget-container\">\n\t\t\t\t\t\t\t\t\t<ul><li>300 <strong>jeuniors<\/strong> de plus de 55 ans adh\u00e8rent \u00e0 notre orientation.<\/li><li>Des retrait\u00e9s actifs et dynamiques.<\/li><li>Notre r\u00f4le offrir notre savoir-faire \u00e0 travers des offres constamment renouvel\u00e9es<\/li><li>D\u2019activit\u00e9s, de services, de loisirs, de culture, de sports qui correspondent aux attentes de nos adh\u00e9rents.<\/li><\/ul>\t\t\t\t\t\t\t\t<\/div>\n\t\t\t\t<\/div>\n\t\t\t\t<div class=\"elementor-element elementor-element-8a1adb2 elementor-widget elementor-widget-heading\" data-id=\"8a1adb2\" data-element_type=\"widget\" data-e-type=\"widget\" data-widget_type=\"heading.default\">\n\t\t\t\t<div class=\"elementor-widget-container\">\n\t\t\t\t\t<h3 class=\"elementor-heading-title elementor-size-default\">Adh\u00e9rer \u00e0 l\u2019association des Hirondelles d\u2019Auruou et vous continuerez \u00e0 rester dans la vie active et sociale<\/h3>\t\t\t\t<\/div>\n\t\t\t\t<\/div>\n\t\t\t\t\t<\/div>\n\t\t<\/div>\n\t\t\t\t<div class=\"has_eae_slider elementor-column elementor-col-66 elementor-top-column elementor-element elementor-element-5e43c82\" data-eae-slider=\"14888\" data-id=\"5e43c82\" data-element_type=\"column\" data-e-type=\"column\">\n\t\t\t<div class=\"elementor-widget-wrap elementor-element-populated\">\n\t\t\t\t\t\t<div class=\"elementor-element elementor-element-3796a12 elementor-widget elementor-widget-heading\" data-id=\"3796a12\" data-element_type=\"widget\" data-e-type=\"widget\" data-widget_type=\"heading.default\">\n\t\t\t\t<div class=\"elementor-widget-container\">\n\t\t\t\t\t<h3 class=\"elementor-heading-title elementor-size-default\">Une association Auriolaise loi 1901 cr\u00e9\u00e9 en 1976 par M Revest Joseph<\/h3>\t\t\t\t<\/div>\n\t\t\t\t<\/div>\n\t\t\t\t<div class=\"elementor-element elementor-element-e532f67 elementor-widget elementor-widget-image\" data-id=\"e532f67\" data-element_type=\"widget\" data-e-type=\"widget\" data-widget_type=\"image.default\">\n\t\t\t\t<div class=\"elementor-widget-container\">\n\t\t\t\t\t\t\t\t\t\t\t\t\t\t\t<img fetchpriority=\"high\" decoding=\"async\" width=\"768\" height=\"1056\" src=\"https:\/\/hirondelles-auruou.fr\/wp-content\/uploads\/2019\/05\/RECEPISSE-DE-CREATION-PREFECTURE-768x1056.jpg\" class=\"attachment-medium_large size-medium_large wp-image-59\" alt=\"\" srcset=\"https:\/\/hirondelles-auruou.fr\/wp-content\/uploads\/2019\/05\/RECEPISSE-DE-CREATION-PREFECTURE-768x1056.jpg 768w, https:\/\/hirondelles-auruou.fr\/wp-content\/uploads\/2019\/05\/RECEPISSE-DE-CREATION-PREFECTURE-218x300.jpg 218w, https:\/\/hirondelles-auruou.fr\/wp-content\/uploads\/2019\/05\/RECEPISSE-DE-CREATION-PREFECTURE-745x1024.jpg 745w, https:\/\/hirondelles-auruou.fr\/wp-content\/uploads\/2019\/05\/RECEPISSE-DE-CREATION-PREFECTURE.jpg 1700w\" sizes=\"(max-width: 768px) 100vw, 768px\" \/>\t\t\t\t\t\t\t\t\t\t\t\t\t\t\t<\/div>\n\t\t\t\t<\/div>\n\t\t\t\t\t<\/div>\n\t\t<\/div>\n\t\t\t\t\t<\/div>\n\t\t<\/section>\n\t\t\t\t<\/div>\n\t\t","protected":false},"excerpt":{"rendered":"<p>300 jeuniors de plus de 55 ans adh\u00e8rent \u00e0 notre orientation. Des retrait\u00e9s actifs et dynamiques. Notre r\u00f4le offrir notre savoir-faire \u00e0 travers des offres constamment renouvel\u00e9es D\u2019activit\u00e9s, de services, de loisirs, de culture, de sports qui correspondent aux attentes de nos adh\u00e9rents. Adh\u00e9rer \u00e0 l\u2019association des Hirondelles d\u2019Auruou et vous continuerez \u00e0 rester dans [&hellip;]<\/p>\n","protected":false},"author":1,"featured_media":0,"parent":0,"menu_order":0,"comment_status":"closed","ping_status":"closed","template":"elementor_header_footer","meta":{"footnotes":""},"class_list":["post-34","page","type-page","status-publish","hentry","wpbf-post"],"_links":{"self":[{"href":"https:\/\/hirondelles-auruou.fr\/index.php?rest_route=\/wp\/v2\/pages\/34","targetHints":{"allow":["GET"]}}],"collection":[{"href":"https:\/\/hirondelles-auruou.fr\/index.php?rest_route=\/wp\/v2\/pages"}],"about":[{"href":"https:\/\/hirondelles-auruou.fr\/index.php?rest_route=\/wp\/v2\/types\/page"}],"author":[{"embeddable":true,"href":"https:\/\/hirondelles-auruou.fr\/index.php?rest_route=\/wp\/v2\/users\/1"}],"replies":[{"embeddable":true,"href":"https:\/\/hirondelles-auruou.fr\/index.php?rest_route=%2Fwp%2Fv2%2Fcomments&post=34"}],"version-history":[{"count":6,"href":"https:\/\/hirondelles-auruou.fr\/index.php?rest_route=\/wp\/v2\/pages\/34\/revisions"}],"predecessor-version":[{"id":68,"href":"https:\/\/hirondelles-auruou.fr\/index.php?rest_route=\/wp\/v2\/pages\/34\/revisions\/68"}],"wp:attachment":[{"href":"https:\/\/hirondelles-auruou.fr\/index.php?rest_route=%2Fwp%2Fv2%2Fmedia&parent=34"}],"curies":[{"name":"wp","href":"https:\/\/api.w.org\/{rel}","templated":true}]}}